{"id":77,"date":"2023-07-14T17:46:15","date_gmt":"2023-07-14T17:46:15","guid":{"rendered":"https:\/\/menschtotem.de\/?page_id=77"},"modified":"2023-07-20T09:53:12","modified_gmt":"2023-07-20T09:53:12","slug":"faqs-selbsthilfe","status":"publish","type":"page","link":"https:\/\/menschtotem.de\/?page_id=77","title":{"rendered":"FAQs Selbsthilfe"},"content":{"rendered":"<p>Die Abk\u00fcrzung FAQs ist dem englischen Sprachraum entnommen und steht f\u00fcr \u201eH\u00e4ufig gestellte Fragen\u201c zu denen entsprechende Antworten gegeben werden. Der Begriff FAQ verr\u00e4t etwas zu meiner vormaligen beruflichen T\u00e4tigkeit, denn er ist ein gel\u00e4ufiger Begriff der IT-Welt. An dieser Stelle gebe ich nur einen kurzen \u00dcberblick \u00fcber die Selbsthilfem\u00f6glichkeiten, denn zur Heilungsstrategie seelischer Verletzungen bedarf es eines langen Atems, da die Bef\u00e4higung ben\u00f6tigt wird, Experte in eigener Person zu werden und die Kommunikation \u00fcber gravierende Verletzungen der kindlichen Selbstbestimmung (Autonomie) auch auf Augenh\u00f6he f\u00fchren zu k\u00f6nnen. Mit dem Begriff Selbsthilfe ist der Ansto\u00df gemeint, dass ich aktiv werden muss (Akteur), denn die Experten kommen nicht zu mir, sondern bieten sich mit ihrer Dienstleistung an. Das lief in meiner Kindheit anders herum: die Experten, hier Mitarbeiter des Jugendamtes, nahmen mich mit Gewalt aus meinem h\u00e4uslichen Umfeld und transportierten mich in ein Kinderheim. Mit mir wurde gemacht, wie Fremde es wollten. Bei der Selbsthilfe muss Fremdbestimmung ausgeschlossen sein, es kann nur um ein Dienstangebot und um Wissensvermittlung gehen. Widerspricht dies meiner pers\u00f6nlichen Selbstbestimmung, ist der Dienstanbieter zu wechseln.<\/p>\n<p>Wie werde ich Verlustverarbeitungsexpertin\/e in eigener Person?<br \/>\n<strong>Mein erstes Schl\u00fcsselwort hei\u00dft Bildung.<\/strong><br \/>\nIch habe dazu meine Erkenntnisse in verschiedenen Werken zusammengefasst:<br \/>\n&#8211; Meine Literaturempfehlungen, siehe Dipl.-Kfm. Werner B\u00f6sen \u2013 Personalberater und zertifizierter Trauerbegleiter<br \/>\n<a href=\"https:\/\/www.wernerboesen.de\/literatur.php#contentstart\">Literatur<\/a><\/p>\n<p><strong>Mein zweites Schl\u00fcsselwort hei\u00dft Beziehungsnetzwerk<\/strong><br \/>\nZu unterscheiden sind internes und externes Beziehungsnetzwerk. Mit internem Beziehungsnetzwerk ist das Familienumfeld mit Freunden und Bekannten gemeint. Das interne Beziehungsnetzwerk reicht nicht aus, es bedarf des externen Beziehungsnetzwerkes mit Fachleuten, die Eigenerfahrungen erlebten. Wenn sich Fachleute dazu nicht \u00e4u\u00dfern, sollte das eigene \u201eBauchgef\u00fchl\u201c die Richtung weisen. Zum externen Beziehungsnetzwerk z\u00e4hlen f\u00fcr mich auch Selbsthilfegruppen (in der Regel gef\u00f6rdert nach Sozialgesetzbuch), Interessensverb\u00e4nde sowie sogenannte Aufarbeitungskommissionen, insbesondere <a href=\"http:\/\/www.aufarbeitungskommission.de\">www.aufarbeitungskommission.de<\/a><br \/>\nZu beachten bleibt, dass nicht alle Interessensanbieter umf\u00e4nglich zielf\u00fchrend sind und ihre Restriktionen haben, selbst wenn sie sich unabh\u00e4ngig nennen. Die Gefahr ist dann in einer Sackgasse zu landen. Es bedarf dann der Suche weiterer M\u00f6glichkeiten.<\/p>\n<p>So k\u00f6nnen auch einzelne Experten auf pers\u00f6nlicher Distanz hilfreich sein. Meine Suche dank Internet f\u00fchrte mich zu Dierk Sch\u00e4fer, einem diplomierten Psychologen und Theologen. In seinem Blog l\u00e4sst er sowohl den Sachaufkl\u00e4rer als auch den Wutschreiber zu. Wut auszusprechen findet sich bei eine der von Verena Kast beschriebenen Trauerphasen nach dem Tod n\u00e4chster Angeh\u00f6riger. Ein sexueller Kindesmissbrauch bedeutet eine seelische T\u00f6tung eines Teils der kindlichen Selbstbestimmtheit. Diesen \u201eTeiltod\u201c interessiert die Fachwelt nicht und versucht eine Beschreibung mit anderen Begriffen wie erlittenes Leid. Doch der Begriff Leid dr\u00fcckt nicht aus, was einen teilweisen Tod mit Aussicht auf m\u00f6glicher Wiederherstellung der eigenen Autonomie ausmacht.<\/p>\n<p>Ich danke Herrn Dierk Sch\u00e4fer f\u00fcr viele vermittelte Einsichten und seine Zustimmung zur Ver\u00f6ffentlichung dieser Zeilen.<\/p>\n<p><strong>Mein drittes Schl\u00fcsselwort hei\u00dft Ich &amp; Du<\/strong><br \/>\nIch biete an die schriftliche Beantwortung einzelner Fragen zu Kindesmissbrauch, Verlust der kindlichen Autonomie und m\u00f6glicher R\u00fcckholbarkeit der eigenen Autonomie, nach Aufwandssch\u00e4tzung auf Stundenbasis (Honorar auf Anfrage). Die Kontaktdaten entnehmen Sie bitte dem Impressum.<\/p>\n","protected":false},"excerpt":{"rendered":"<p>Die Abk\u00fcrzung FAQs ist dem englischen Sprachraum entnommen und steht f\u00fcr \u201eH\u00e4ufig gestellte Fragen\u201c zu denen entsprechende Antworten gegeben werden. Der Begriff FAQ verr\u00e4t etwas zu meiner vormaligen beruflichen T\u00e4tigkeit, denn er ist ein gel\u00e4ufiger Begriff der IT-Welt. An dieser Stelle gebe ich nur einen kurzen \u00dcberblick \u00fcber die Selbsthilfem\u00f6glichkeiten, denn zur Heilungsstrategie seelischer Verletzungen [&hellip;]<\/p>\n","protected":false},"author":1,"featured_media":0,"parent":4,"menu_order":6,"comment_status":"closed","ping_status":"closed","template":"","meta":[],"_links":{"self":[{"href":"https:\/\/menschtotem.de\/index.php?rest_route=\/wp\/v2\/pages\/77"}],"collection":[{"href":"https:\/\/menschtotem.de\/index.php?rest_route=\/wp\/v2\/pages"}],"about":[{"href":"https:\/\/menschtotem.de\/index.php?rest_route=\/wp\/v2\/types\/page"}],"author":[{"embeddable":true,"href":"https:\/\/menschtotem.de\/index.php?rest_route=\/wp\/v2\/users\/1"}],"replies":[{"embeddable":true,"href":"https:\/\/menschtotem.de\/index.php?rest_route=%2Fwp%2Fv2%2Fcomments&post=77"}],"version-history":[{"count":4,"href":"https:\/\/menschtotem.de\/index.php?rest_route=\/wp\/v2\/pages\/77\/revisions"}],"predecessor-version":[{"id":85,"href":"https:\/\/menschtotem.de\/index.php?rest_route=\/wp\/v2\/pages\/77\/revisions\/85"}],"up":[{"embeddable":true,"href":"https:\/\/menschtotem.de\/index.php?rest_route=\/wp\/v2\/pages\/4"}],"wp:attachment":[{"href":"https:\/\/menschtotem.de\/index.php?rest_route=%2Fwp%2Fv2%2Fmedia&parent=77"}],"curies":[{"name":"wp","href":"https:\/\/api.w.org\/{rel}","templated":true}]}}