{"id":71,"date":"2023-07-14T17:31:00","date_gmt":"2023-07-14T17:31:00","guid":{"rendered":"https:\/\/menschtotem.de\/?page_id=71"},"modified":"2023-07-14T17:31:00","modified_gmt":"2023-07-14T17:31:00","slug":"ich-du","status":"publish","type":"page","link":"https:\/\/menschtotem.de\/?page_id=71","title":{"rendered":"Ich &#038; Du"},"content":{"rendered":"<p>Als ehemals Betroffener mit \u00fcber sechsj\u00e4hrigem Kinderheimaufenthalt in den 1960er Jahren bei einer religi\u00f6sen Tr\u00e4gerschaft lernte ich als Messdiener biblische Botschaften verstehen, die \u00fcberwiegend an Erwachsene adressiert sind. So lehrte Christus seine J\u00fcnger (Erwachsene) das Vaterunser und sieht Kinder als unschuldige Wesen. Wer Kindern daher Leid zuf\u00fcgt, wird im Gleichnis vom M\u00fchlstein belehrt, was zu tun w\u00e4re. Da Christus seine Welt, sein Reich, nicht in unserer irdischen Welt sah, \u00fcberlie\u00df er zwar die Ausf\u00fchrung seines Urteils der weltlichen Macht, vermittelte jedoch einen Ausblick f\u00fcr seine \u00fcberirdische Welt wenn seinem Anliegen nicht nachgekommen wird.<br \/>\nIn den ersten sieben Jahren meines Erdendaseins lernte ich die Liebe und Wertsch\u00e4tzung in einer Familie kennen. Gesellschaftliche und religi\u00f6se Normen sorgten f\u00fcr meine Heimeinweisung. Als Jugendlicher wurde ich in Pflegefamilien vermittelt, die mir das Abitur erm\u00f6glichten. Nach 15monatigem Wehrdienst studierte ich erfolgreich Betriebswirtschaftslehre. Trotz der vielf\u00e4ltigen Missbr\u00e4uche im Kinderheim gelang mir eine erfolgreiche Berufslaufbahn, wurde Vater von f\u00fcnf Kindern und nehme mir als Rentner nun Zeit, auch im interdisziplin\u00e4ren wissenschaftlichen Kontext meine Kindheitserfahrungen einzuordnen. Daneben analysiere ich die juristische Gesetzeslage und bem\u00e4ngele die nach wie vor teils mythischen und fiktiven Formulierungen im Grundgesetz sowie die aus Sicht von verwaisten Kindern unzureichenden Kinderrechtsformulierungen in der Kinderrechtskonvention der Vereinten Nationen.  Es sind also viele Du, die ich adressiere und es erscheint wie ein Kampf David gegen Goliath. Doch mein Kampf besteht nicht in k\u00f6rperlicher Gewaltanwendung sondern  im Gebrauch von Vernunft, Herz und Seele, diesseits und jenseits.<\/p>\n","protected":false},"excerpt":{"rendered":"<p>Als ehemals Betroffener mit \u00fcber sechsj\u00e4hrigem Kinderheimaufenthalt in den 1960er Jahren bei einer religi\u00f6sen Tr\u00e4gerschaft lernte ich als Messdiener biblische Botschaften verstehen, die \u00fcberwiegend an Erwachsene adressiert sind. So lehrte Christus seine J\u00fcnger (Erwachsene) das Vaterunser und sieht Kinder als unschuldige Wesen. Wer Kindern daher Leid zuf\u00fcgt, wird im Gleichnis vom M\u00fchlstein belehrt, was zu [&hellip;]<\/p>\n","protected":false},"author":1,"featured_media":0,"parent":4,"menu_order":4,"comment_status":"closed","ping_status":"closed","template":"","meta":[],"_links":{"self":[{"href":"https:\/\/menschtotem.de\/index.php?rest_route=\/wp\/v2\/pages\/71"}],"collection":[{"href":"https:\/\/menschtotem.de\/index.php?rest_route=\/wp\/v2\/pages"}],"about":[{"href":"https:\/\/menschtotem.de\/index.php?rest_route=\/wp\/v2\/types\/page"}],"author":[{"embeddable":true,"href":"https:\/\/menschtotem.de\/index.php?rest_route=\/wp\/v2\/users\/1"}],"replies":[{"embeddable":true,"href":"https:\/\/menschtotem.de\/index.php?rest_route=%2Fwp%2Fv2%2Fcomments&post=71"}],"version-history":[{"count":2,"href":"https:\/\/menschtotem.de\/index.php?rest_route=\/wp\/v2\/pages\/71\/revisions"}],"predecessor-version":[{"id":73,"href":"https:\/\/menschtotem.de\/index.php?rest_route=\/wp\/v2\/pages\/71\/revisions\/73"}],"up":[{"embeddable":true,"href":"https:\/\/menschtotem.de\/index.php?rest_route=\/wp\/v2\/pages\/4"}],"wp:attachment":[{"href":"https:\/\/menschtotem.de\/index.php?rest_route=%2Fwp%2Fv2%2Fmedia&parent=71"}],"curies":[{"name":"wp","href":"https:\/\/api.w.org\/{rel}","templated":true}]}}