{"id":68,"date":"2023-07-14T17:27:08","date_gmt":"2023-07-14T17:27:08","guid":{"rendered":"https:\/\/menschtotem.de\/?page_id=68"},"modified":"2023-07-14T17:27:08","modified_gmt":"2023-07-14T17:27:08","slug":"selbstbestimmung","status":"publish","type":"page","link":"https:\/\/menschtotem.de\/?page_id=68","title":{"rendered":"Selbstbestimmung"},"content":{"rendered":"<p>Menschen suchen Erkl\u00e4rungen, wenn das Miteinander misslingt und in schwere Schieflage ger\u00e4t. Gravierende Belastungen entstehen, wenn in menschlichen Beziehungen keine Augenh\u00f6he gewahrt und die Beziehung missbraucht wird. Besonders belastet der Kindesmissbrauch, da in der Kindesentwicklung die Grundsteine zum Erwachsenenleben gelegt werden und nachhaltig pr\u00e4gen. Beziehungsmissbr\u00e4uche zum Kind sind nur schwer heilbar, denn sie bleiben in lebenslanger Erinnerung, sind zudem lange Zeit mit Sprachlosigkeit begleitet.  Da der Mensch nicht zum Alleinsein geboren ist, sind f\u00fcr eine Heilung mit entscheidend die Hilfen der Soziokultur, auch wenn Betroffene ihre Heilung letztlich nur selbst bewirken k\u00f6nnen. Bei Hilfen durch die staatliche Gemeinschaft sto\u00dfen Betroffene allzu oft auf Unverst\u00e4ndnis von Verantwortungstr\u00e4gern und ein Ausgleich f\u00fcr erlittene Sch\u00e4den ist zuweilen ein harter Kampf, oft auch aufgrund von gesetzlichen Verj\u00e4hrungsfristen nicht mehr m\u00f6glich. Daneben setzt unsere Regierung darauf, dass die durch die beiden gro\u00dfen Religionsgemeinschaften  mit zu verantwortenden Missbrauchstaten durch sie selbst gekl\u00e4rt werden. Auf viele Betroffene wirkt dies als Affront und nicht erkl\u00e4rbar. Zwischen deutschem Staat und Kirchenstaat, dem Vatikan, gibt es jedoch einen Staatsvertrag, das Konkordat, nach dem Konflikte in freundschaftlichem Einvernehmen zu kl\u00e4ren sind.  Solche Freundschaften halten offenbar auch Kindesmissbr\u00e4uche aus, doch f\u00fcr wie lange? Was Betroffenen hilft, dazu gebe ich auch als Betroffener meinen Rat und kl\u00e4re, was Kindesmissbrauch f\u00fcr die Autonomie eines Kindes bedeutet und wie diese wieder weitestgehend r\u00fcckholbar ist, wenn auch auf neuem Niveau.<\/p>\n","protected":false},"excerpt":{"rendered":"<p>Menschen suchen Erkl\u00e4rungen, wenn das Miteinander misslingt und in schwere Schieflage ger\u00e4t. Gravierende Belastungen entstehen, wenn in menschlichen Beziehungen keine Augenh\u00f6he gewahrt und die Beziehung missbraucht wird. Besonders belastet der Kindesmissbrauch, da in der Kindesentwicklung die Grundsteine zum Erwachsenenleben gelegt werden und nachhaltig pr\u00e4gen. Beziehungsmissbr\u00e4uche zum Kind sind nur schwer heilbar, denn sie bleiben in [&hellip;]<\/p>\n","protected":false},"author":1,"featured_media":0,"parent":4,"menu_order":3,"comment_status":"closed","ping_status":"closed","template":"","meta":[],"_links":{"self":[{"href":"https:\/\/menschtotem.de\/index.php?rest_route=\/wp\/v2\/pages\/68"}],"collection":[{"href":"https:\/\/menschtotem.de\/index.php?rest_route=\/wp\/v2\/pages"}],"about":[{"href":"https:\/\/menschtotem.de\/index.php?rest_route=\/wp\/v2\/types\/page"}],"author":[{"embeddable":true,"href":"https:\/\/menschtotem.de\/index.php?rest_route=\/wp\/v2\/users\/1"}],"replies":[{"embeddable":true,"href":"https:\/\/menschtotem.de\/index.php?rest_route=%2Fwp%2Fv2%2Fcomments&post=68"}],"version-history":[{"count":1,"href":"https:\/\/menschtotem.de\/index.php?rest_route=\/wp\/v2\/pages\/68\/revisions"}],"predecessor-version":[{"id":69,"href":"https:\/\/menschtotem.de\/index.php?rest_route=\/wp\/v2\/pages\/68\/revisions\/69"}],"up":[{"embeddable":true,"href":"https:\/\/menschtotem.de\/index.php?rest_route=\/wp\/v2\/pages\/4"}],"wp:attachment":[{"href":"https:\/\/menschtotem.de\/index.php?rest_route=%2Fwp%2Fv2%2Fmedia&parent=68"}],"curies":[{"name":"wp","href":"https:\/\/api.w.org\/{rel}","templated":true}]}}