{"id":56,"date":"2023-07-12T19:13:10","date_gmt":"2023-07-12T19:13:10","guid":{"rendered":"https:\/\/menschtotem.de\/?page_id=56"},"modified":"2023-07-25T08:26:47","modified_gmt":"2023-07-25T08:26:47","slug":"impressum","status":"publish","type":"page","link":"https:\/\/menschtotem.de\/?page_id=56","title":{"rendered":"Impressum"},"content":{"rendered":"<p>Impressum \/ Disclaimer \/ Datenschutzerkl\u00e4rung<br \/>\nPostanschrift:<br \/>\nDipl.-Kfm. Werner B\u00f6sen, Robert-Schumann-Weg 3, 67251 Freinsheim<br \/>\nEmail: beratung@wernerboesen.de<br \/>\nTel.: 06353-91352, mobile 0170-3826210<\/p>\n<p>Umsatzsteuer-ID beim Finanzamt Neustadt\/Weinstr.:<br \/>\n31\/017\/3126\/9<\/p>\n<p>Verantwortlich f\u00fcr den Inhalt und Bildrechte<br \/>\nDipl.-Kfm. Werner B\u00f6sen, Robert-Schumann-Weg 3, 67251 Freinsheim; \u00a9Werner B\u00f6sen<\/p>\n<p>Disclaimer (Haftungsausschluss) \u2013 rechtliche Hinweise<br \/>\nDie Inhalte dieser Website werden mit gr\u00f6\u00dftm\u00f6glicher Sorgfalt erstellt. Es kommt kein Vertragsverh\u00e4ltnis zwischen dem Nutzer und dem Anbieter zustande. Eine Gew\u00e4hrleistung ist ausgeschlossen. Die auf dieser Website ver\u00f6ffentlichten Inhalte unterliegen dem deutschen Urheber- und Leistungsschutzrecht. Die unerlaubte Vervielf\u00e4ltigung oder Weitergabe einzelner Inhalte oder kompletter Seiten ist nicht gestattet und strafbar.<\/p>\n<p>Besonderer Hinweis zur m\u00f6glichen Dienstleistung:<br \/>\nMein Besch\u00e4ftigungsschwerpunkt ist Trauerverarbeitung und -begleitung. Trauern ist ein Gef\u00fchl und keine psychische Erkrankung! Gravierende Verluste verarbeitet jeder auf seine Weise. Auch wenn bei intensivem Trauerleben Kriterien einer Erkrankung erkennbar sein k\u00f6nnen, gilt Trauern nicht als Krankheit. Daher ist hier qualifizierte Trauerbegleitung gefragt, bei der Anzeichen einer m\u00f6glichen psychischen Erkrankung erkannt und Empfehlungen f\u00fcr fach\u00e4rztliche Behandlung ausgesprochen werden k\u00f6nnen. Mit der Kontaktaufnahme erkl\u00e4ren Sie sich ausdr\u00fccklich bereit, ggf. diesbez\u00fcgliche Empfehlungen zur Kenntnis zu nehmen und auf ihre eigene Verantwortung weiter zu verfolgen. Die Trauerbegleitung ist keine Leistung, die die Krankenkasse \u00fcbernimmt.<\/p>\n<p>Datenschutzerkl\u00e4rung<br \/>\nIch weise ausdr\u00fccklich darauf hin, dass die Daten\u00fcbertragung im Internet (z.B. bei der Kommunikation per E-Mail) Sicherheitsl\u00fccken aufweisen und nicht l\u00fcckenlos vor dem Zugriff durch Dritte gesch\u00fctzt werden kann. Die Verwendung der Kontaktdaten meines Impressums zur gewerblichen Werbung ist nicht gestattet.<br \/>\nSofern zwischen Ihnen und mir eine Gesch\u00e4ftsbeziehung begr\u00fcndet oder ge\u00e4ndert werden soll, erhebe und verwende ich personenbezogene Daten von Ihnen, soweit dies zu diesen Zwecken erforderlich ist. S\u00e4mtliche personenbezogenen Daten werden nur solange gespeichert wie dies f\u00fcr den genannten Zweck (Bearbeitung Ihrer Anfrage oder Abwicklung eines Vertrags) erforderlich ist. Hierbei werden steuer- und handelsrechtliche Aufbewahrungsfristen ber\u00fccksichtigt. Auf Anordnung zust\u00e4ndiger Beh\u00f6rden muss ich im Einzelfall Auskunft \u00fcber diese Daten erteilen, soweit dies f\u00fcr Zwecke der Strafverfolgung, zur Gefahrenabwehr, zur Erf\u00fcllung der gesetzlichen Aufgaben von Verfassungsschutzbeh\u00f6rden oder zur Durchsetzung der Rechte am geistigen Eigentum erforderlich ist. Sie haben das jederzeitige Recht, Ihre Zustimmung zur Verwendung Ihrer angegebenen pers\u00f6nlichen Daten mit Wirkung f\u00fcr die Zukunft zu widerrufen. Zur Auskunftserteilung wenden Sie sich bitte an mich per o.a. Email oder der Postanschrift.<\/p>\n","protected":false},"excerpt":{"rendered":"<p>Impressum \/ Disclaimer \/ Datenschutzerkl\u00e4rung Postanschrift: Dipl.-Kfm. Werner B\u00f6sen, Robert-Schumann-Weg 3, 67251 Freinsheim Email: beratung@wernerboesen.de Tel.: 06353-91352, mobile 0170-3826210 Umsatzsteuer-ID beim Finanzamt Neustadt\/Weinstr.: 31\/017\/3126\/9 Verantwortlich f\u00fcr den Inhalt und Bildrechte Dipl.-Kfm. Werner B\u00f6sen, Robert-Schumann-Weg 3, 67251 Freinsheim; \u00a9Werner B\u00f6sen Disclaimer (Haftungsausschluss) \u2013 rechtliche Hinweise Die Inhalte dieser Website werden mit gr\u00f6\u00dftm\u00f6glicher Sorgfalt erstellt. Es kommt [&hellip;]<\/p>\n","protected":false},"author":1,"featured_media":0,"parent":4,"menu_order":9,"comment_status":"closed","ping_status":"closed","template":"","meta":[],"_links":{"self":[{"href":"https:\/\/menschtotem.de\/index.php?rest_route=\/wp\/v2\/pages\/56"}],"collection":[{"href":"https:\/\/menschtotem.de\/index.php?rest_route=\/wp\/v2\/pages"}],"about":[{"href":"https:\/\/menschtotem.de\/index.php?rest_route=\/wp\/v2\/types\/page"}],"author":[{"embeddable":true,"href":"https:\/\/menschtotem.de\/index.php?rest_route=\/wp\/v2\/users\/1"}],"replies":[{"embeddable":true,"href":"https:\/\/menschtotem.de\/index.php?rest_route=%2Fwp%2Fv2%2Fcomments&post=56"}],"version-history":[{"count":2,"href":"https:\/\/menschtotem.de\/index.php?rest_route=\/wp\/v2\/pages\/56\/revisions"}],"predecessor-version":[{"id":64,"href":"https:\/\/menschtotem.de\/index.php?rest_route=\/wp\/v2\/pages\/56\/revisions\/64"}],"up":[{"embeddable":true,"href":"https:\/\/menschtotem.de\/index.php?rest_route=\/wp\/v2\/pages\/4"}],"wp:attachment":[{"href":"https:\/\/menschtotem.de\/index.php?rest_route=%2Fwp%2Fv2%2Fmedia&parent=56"}],"curies":[{"name":"wp","href":"https:\/\/api.w.org\/{rel}","templated":true}]}}